{"id":61,"date":"2022-05-30T09:37:48","date_gmt":"2022-05-30T07:37:48","guid":{"rendered":"https:\/\/berndthomsen.com\/?page_id=61"},"modified":"2024-06-24T13:34:05","modified_gmt":"2024-06-24T11:34:05","slug":"ueber-bernd","status":"publish","type":"page","link":"https:\/\/berndthomsen.com\/?page_id=61","title":{"rendered":"\u00dcber Bernd"},"content":{"rendered":"\t\t<div data-elementor-type=\"wp-page\" data-elementor-id=\"61\" class=\"elementor elementor-61\">\n\t\t\t\t\t\t<section class=\"elementor-section elementor-top-section elementor-element elementor-element-e5b14ac elementor-section-boxed elementor-section-height-default elementor-section-height-default\" data-id=\"e5b14ac\" data-element_type=\"section\">\n\t\t\t\t\t\t<div class=\"elementor-container elementor-column-gap-default\">\n\t\t\t\t\t<div class=\"elementor-column elementor-col-100 elementor-top-column elementor-element elementor-element-184d91b\" data-id=\"184d91b\" data-element_type=\"column\">\n\t\t\t<div class=\"elementor-widget-wrap elementor-element-populated\">\n\t\t\t\t\t\t<div class=\"elementor-element elementor-element-772d21e elementor-widget elementor-widget-text-editor\" data-id=\"772d21e\" data-element_type=\"widget\" data-widget_type=\"text-editor.default\">\n\t\t\t\t<div class=\"elementor-widget-container\">\n\t\t\t\t\t\t\t\t\t<p><span class=\"\" style=\"font-family: arial;\">Bernd ist strategischer Zukunfts\u00f6konom und gilt als einer der weltweit f\u00fchrenden Experten. Der von 2.000 internationalen\u00a0Wirtschaftsexperten zum \u201eGlobal Innovation Expert No. 1\u201c gew\u00e4hlte CEO einer<a href=\"https:\/\/thomsengroup.com\"><u class=\"\"> globalen Managementberatung<\/u><\/a>\u00a0hilft Regierungen und Unternehmen dabei, Chancen des Wandels zu nutzen. Er\u00a0<\/span>unterh\u00e4lt und \u00fcberzeugt weltweit\u00a0als Redner,\u00a0<span class=\"\">schreibt B\u00fccher,\u00a0<\/span><span class=\"\" style=\"font-family: arial;\">lehrt in Asien und Europa, identifiziert seit Richard von Weizs\u00e4cker f\u00fcr die Pr\u00e4sidenten\u00a0der Bundesrepublik Deutschland Hochbegabte und f\u00fchrt verschiedene<\/span><span class=\"\">\u00a0gemeinn\u00fctzige Stiftungen. Er lebt in Hamburg und Miami.<\/span><\/p><p>Ben, wie Prof. Thomsen besonders in den USA und Indien oft genannt wird, liebt weltoffene Menschen. Und blauen Himmel. Den sch\u00e4tzt er besonders dort, wo seine j\u00fcngsten beiden Kinder geboren sind: in Miami. Er reist gern und sammelt dabei Espressotassen aus der ganzen Welt. Besonders mag er internationale Metropolen, zum Beispiel New York, in dessen Central Park er ebenso gern Laufen geht wie um Hamburgs Alster: die ersten Stunden fast eines jeden Montags und Mittwochs. Seit 1999 f\u00fchrt Bernd eine Kinderstiftung, mit der er in seiner Freizeit misshandelten Kindern hilft. Er unterst\u00fctzt auch Projekte seiner Mitarbeitenden, z.B. <a href=\"https:\/\/www.youtube.com\/watch?v=92PPY-qYeKs\" target=\"_blank\" rel=\"noreferrer noopener\">Reach Out Cameroon<\/a>. Er w\u00e4hlt seit Richard von Weizs\u00e4cker f\u00fcr die Bundesrepublik Deutschland hochbegabte Stipendiaten aus. Wird er als Philanthrop bezeichnet, verweist er auf \u201eLeute, die viel mehr f\u00fcr andere Menschen tun\u201c. Gemeinsam mit seiner kleinen Tochter ist er Autor der Zukunftskolumne des Handelsblatt. Hier blickt er mit ihr regelm\u00e4\u00dfig in die Zukunft. Sie war gerade drei Jahre, als er begann, ihre bohrenden Fragen in der Wirtschafts- und Finanzzeitung, dessen Expertenrat er angeh\u00f6rt, zu beantworten. Er schreibt B\u00fccher, das letzte zu Social Credit Ratings, also Scoringsystemen, die er inmitten der die Welt ver\u00e4ndernden Triade aus \u201ePolitischen Systemen\u201c, \u201e\u00d6konomischen Systemen\u201c und \u201eDigitalen Systemen\u201c verortet. <span class=\"\">Sein aktuelles Buch befasst sich mit der Zukunft der Demokratie, f\u00fcr das er 5 Jahre in 39 L\u00e4ndern forschte. Bereits 3 Tage nach\u00a0Ver\u00f6ffentlichung\u00a0wurde es zum Spiegel-Bestseller. 2025 erscheint das Buch\u00a0\u201eQuality Economy\u201c, das er mit drei weiteren Herausgebern ver\u00f6ffentlicht und deren Fachbegriff er entwickelte und deren Inhalte er ma\u00dfgeblich pr\u00e4gte. Dieses Herausgeberwerk enth\u00e4lt Beitrage und Interviews bedeutender Pers\u00f6nlichkeiten.<br \/><\/span><\/p><p><span class=\"\">Er lehrt als Professor f\u00fcr Transformation an Universit\u00e4ten in Asien und Europa. Und gibt sein breites Wissen gerne weiter, ob in Form von Vortr\u00e4gen, Publikationen oder auch Tweets (Ihm am besten gleich auf <a href=\"https:\/\/www.linkedin.com\/in\/profberndthomsen\/\" target=\"_blank\" rel=\"noopener noreferrer\">Linkedin<\/a> folgen!).<\/span><\/p><p>Er begleitet in der THOMSEN GROUP, die er 1984 gr\u00fcndete und deren CEO er ist, nur noch ausgew\u00e4hlte Mandate pers\u00f6nlich. Er entwickelte f\u00fcr die Unternehmensgruppe eine\u00a0Wachstumsdefinition, die gegen\u00fcber quantitativen Parametern qualitativem Wachstum\u00a0Priorit\u00e4t einr\u00e4umt.Kultur ist ihm wichtiger als\u00a0Kasse. Wenn er von seinen Reisen in eines seiner B\u00fcros kommt, berichtet er\u00a0ausf\u00fchrlich von verr\u00fcckten Sterne-Restaurants und soliden Currywurst-Buden, neuen\u00a0Dingen die er gesehen hat, das Beste: Seine Augen funkeln dabei immer noch wie die\u00a0eines Kindes.<br \/>Bernd sagte in den letzten Jahrzehnten weltwirtschaftliche Entwicklungen, gesellschaftliche Ver\u00e4nderungen und neue Industrien voraus, die heute da sind. Er entwickelte zudem \u00fcber 300 erfolgreiche Innovationen und viele Produkte, die wir t\u00e4glich benutzen. Hierbei \u2013 und nicht nur hierbei \u2013 helfe, so Bernd, Fragen zu stellen, die sonst wohl keiner\u00a0stelle. Er gr\u00fcndete und f\u00fchrt verschiedene gemeinn\u00fctzige Stiftungen, etwa eine f\u00fcr von Eltern misshandelte Kinder. Und eine, die sich f\u00fcr Qualitative \u00d6konomie einsetzt. <a href=\"https:\/\/hall-of-future.org\"><u class=\"\">Mehr \u00fcber die Hall of Future hier.<\/u><\/a><\/p>\t\t\t\t\t\t\t\t<\/div>\n\t\t\t\t<\/div>\n\t\t\t\t\t<\/div>\n\t\t<\/div>\n\t\t\t\t\t<\/div>\n\t\t<\/section>\n\t\t\t\t<section class=\"elementor-section elementor-top-section elementor-element elementor-element-0211078 elementor-section-boxed elementor-section-height-default elementor-section-height-default\" data-id=\"0211078\" data-element_type=\"section\">\n\t\t\t\t\t\t<div class=\"elementor-container elementor-column-gap-default\">\n\t\t\t\t\t<div class=\"elementor-column elementor-col-100 elementor-top-column elementor-element elementor-element-2b16fcd\" data-id=\"2b16fcd\" data-element_type=\"column\">\n\t\t\t<div class=\"elementor-widget-wrap elementor-element-populated\">\n\t\t\t\t\t\t<div class=\"elementor-element elementor-element-26e1307 elementor-widget elementor-widget-image\" data-id=\"26e1307\" data-element_type=\"widget\" data-widget_type=\"image.default\">\n\t\t\t\t<div class=\"elementor-widget-container\">\n\t\t\t\t\t\t\t\t\t\t\t\t\t\t\t<img fetchpriority=\"high\" decoding=\"async\" width=\"950\" height=\"633\" src=\"https:\/\/berndthomsen.com\/wp-content\/uploads\/2024\/06\/ISPO-Digitize-2018_jf_0072-1024x682.jpeg\" class=\"attachment-large size-large wp-image-110\" alt=\"\" srcset=\"https:\/\/berndthomsen.com\/wp-content\/uploads\/2024\/06\/ISPO-Digitize-2018_jf_0072-1024x682.jpeg 1024w, https:\/\/berndthomsen.com\/wp-content\/uploads\/2024\/06\/ISPO-Digitize-2018_jf_0072-300x200.jpeg 300w, https:\/\/berndthomsen.com\/wp-content\/uploads\/2024\/06\/ISPO-Digitize-2018_jf_0072-768x512.jpeg 768w, https:\/\/berndthomsen.com\/wp-content\/uploads\/2024\/06\/ISPO-Digitize-2018_jf_0072.jpeg 1280w\" sizes=\"100vw\" \/>\t\t\t\t\t\t\t\t\t\t\t\t\t\t\t<\/div>\n\t\t\t\t<\/div>\n\t\t\t\t\t<\/div>\n\t\t<\/div>\n\t\t\t\t\t<\/div>\n\t\t<\/section>\n\t\t\t\t<\/div>\n\t\t","protected":false},"excerpt":{"rendered":"<p>Bernd ist strategischer Zukunfts\u00f6konom und gilt als einer der weltweit f\u00fchrenden Experten. Der von 2.000 internationalen\u00a0Wirtschaftsexperten zum \u201eGlobal Innovation Expert No. 1\u201c gew\u00e4hlte CEO einer globalen Managementberatung\u00a0hilft Regierungen und Unternehmen dabei, Chancen des Wandels zu nutzen. Er\u00a0unterh\u00e4lt und \u00fcberzeugt weltweit\u00a0als Redner,\u00a0schreibt B\u00fccher,\u00a0lehrt in Asien und Europa, identifiziert seit Richard von Weizs\u00e4cker f\u00fcr die Pr\u00e4sidenten\u00a0der Bundesrepublik &hellip; <\/p>\n<p class=\"link-more\"><a href=\"https:\/\/berndthomsen.com\/?page_id=61\" class=\"more-link\">Mehr <span class=\"screen-reader-text\">\u00fcber &#8222;\u00dcber Bernd&#8220; <\/span>Lesen<\/a><\/p>\n","protected":false},"author":1,"featured_media":0,"parent":0,"menu_order":0,"comment_status":"closed","ping_status":"closed","template":"","meta":{"footnotes":""},"class_list":["post-61","page","type-page","status-publish","hentry"],"_links":{"self":[{"href":"https:\/\/berndthomsen.com\/index.php?rest_route=\/wp\/v2\/pages\/61","targetHints":{"allow":["GET"]}}],"collection":[{"href":"https:\/\/berndthomsen.com\/index.php?rest_route=\/wp\/v2\/pages"}],"about":[{"href":"https:\/\/berndthomsen.com\/index.php?rest_route=\/wp\/v2\/types\/page"}],"author":[{"embeddable":true,"href":"https:\/\/berndthomsen.com\/index.php?rest_route=\/wp\/v2\/users\/1"}],"replies":[{"embeddable":true,"href":"https:\/\/berndthomsen.com\/index.php?rest_route=%2Fwp%2Fv2%2Fcomments&post=61"}],"version-history":[{"count":16,"href":"https:\/\/berndthomsen.com\/index.php?rest_route=\/wp\/v2\/pages\/61\/revisions"}],"predecessor-version":[{"id":129,"href":"https:\/\/berndthomsen.com\/index.php?rest_route=\/wp\/v2\/pages\/61\/revisions\/129"}],"wp:attachment":[{"href":"https:\/\/berndthomsen.com\/index.php?rest_route=%2Fwp%2Fv2%2Fmedia&parent=61"}],"curies":[{"name":"wp","href":"https:\/\/api.w.org\/{rel}","templated":true}]}}